{"id":274,"date":"2021-01-09T23:07:41","date_gmt":"2021-01-09T23:07:41","guid":{"rendered":"http:\/\/www.positron.fisi.polimi.it\/?page_id=274"},"modified":"2022-11-10T18:37:30","modified_gmt":"2022-11-10T18:37:30","slug":"staff","status":"publish","type":"page","link":"https:\/\/www.positron.fisi.polimi.it\/?page_id=274","title":{"rendered":"Staff"},"content":{"rendered":"\n<p><\/p>\n\n\n\n<figure class=\"wp-block-table\"><table><tbody><tr><td><br><img data-recalc-dims=\"1\" decoding=\"async\" src=\"https:\/\/i0.wp.com\/sites.google.com\/site\/fotoquplas\/labo%200_73%20bn.jpg?w=525&#038;ssl=1\" style=\"width: 400px;\"><\/td><td>&nbsp;<img data-recalc-dims=\"1\" decoding=\"async\" src=\"https:\/\/i0.wp.com\/sites.google.com\/site\/positronlaboratoryofcomovepas\/visit-the-positron-laboratory\/staff\/Valerio2.jpg?w=525&#038;ssl=1\" style=\"width: 260px;\"><\/td><td>&nbsp;<a href=\"https:\/\/sites.google.com\/site\/positronlaboratoryofcomovepas\/visit-the-positron-laboratory\/staff\/Giuseppe.jpg?attredirects=0\"><\/a><\/td><\/tr><tr><td>&nbsp;<a href=\"https:\/\/sites.google.com\/site\/positronlaboratoryofcomovepas\/our-company\/our-staff\/ceo\">Rafael Ferragut (responsible)<\/a><\/td><td>&nbsp;Valerio Toso (INFN Postdoc)<\/td><td><\/td><\/tr><\/tbody><\/table><\/figure>\n\n\n\n<div class=\"wp-block-group\"><div class=\"wp-block-group__inner-container is-layout-constrained wp-block-group-is-layout-constrained\">\n<p>In collaboration with:<br>Marco Giammarchi (INFN, Milan unit);                           Bernardo Barbiellini (LUT, Finland)<\/p>\n\n\n\n<p>Michele Sacerdoti (PhD student);                                    Meiying Zheng (PhD student);                                                                                             Xin Li (PhD student);                                                               Maria Pasinetti (Master student)<\/p>\n<\/div><\/div>\n\n\n\n<figure class=\"wp-block-gallery has-nested-images columns-default is-cropped wp-block-gallery-1 is-layout-flex wp-block-gallery-is-layout-flex\">\n<figure class=\"wp-block-image size-large\"><img data-recalc-dims=\"1\" loading=\"lazy\" decoding=\"async\" width=\"525\" height=\"372\" data-id=\"530\" src=\"https:\/\/i0.wp.com\/www.positron.fisi.polimi.it\/wp-content\/uploads\/2022\/11\/Meeting_Milan_Sept26_2022VR-1024x726.jpg?resize=525%2C372&#038;ssl=1\" alt=\"\" class=\"wp-image-530\" srcset=\"https:\/\/i0.wp.com\/www.positron.fisi.polimi.it\/wp-content\/uploads\/2022\/11\/Meeting_Milan_Sept26_2022VR.jpg?resize=1024%2C726&amp;ssl=1 1024w, https:\/\/i0.wp.com\/www.positron.fisi.polimi.it\/wp-content\/uploads\/2022\/11\/Meeting_Milan_Sept26_2022VR.jpg?resize=300%2C213&amp;ssl=1 300w, https:\/\/i0.wp.com\/www.positron.fisi.polimi.it\/wp-content\/uploads\/2022\/11\/Meeting_Milan_Sept26_2022VR.jpg?resize=768%2C545&amp;ssl=1 768w, https:\/\/i0.wp.com\/www.positron.fisi.polimi.it\/wp-content\/uploads\/2022\/11\/Meeting_Milan_Sept26_2022VR.jpg?resize=1536%2C1089&amp;ssl=1 1536w, https:\/\/i0.wp.com\/www.positron.fisi.polimi.it\/wp-content\/uploads\/2022\/11\/Meeting_Milan_Sept26_2022VR.jpg?w=1939&amp;ssl=1 1939w\" sizes=\"auto, (max-width: 767px) 89vw, (max-width: 1000px) 54vw, (max-width: 1071px) 543px, 580px\" \/><figcaption class=\"wp-element-caption\">Xin Li, Meiying Zheng, Bernardo Barbiellini, Rafael Ferragut, Maria Pasinetti and Valerio Toso<\/figcaption><\/figure>\n<\/figure>\n\n\n\n<p>Also in collaboration with:<\/p>\n\n\n\n<p>Jan Kuriplach (Charles University in Prague); Ilja Makkonen (Helsinki University)<br>Vito Di Noto (Padua University)<br>Massimiliano Rom\u00e8 (Universit\u00e0 degli Studi di Milano &amp; INFN)<br>Luca Venturelli (Universit\u00e0 degli Studi di Brescia &amp; INFN)<br>Giancarlo Maero (Universit\u00e0 degli Studi di Milano &amp; INFN)<br>Paola Folegati (Politecnico di Milano)<br>Guglielmo Tino (Universit\u00e0 degli Studi di Firenze &amp; INFN)<br>Gabriele Rosi (Universit\u00e0 degli Studi di Firenze &amp; INFN)<br>and others<\/p>\n\n\n\n<figure class=\"wp-block-table\"><table><tbody><tr><td>&nbsp;<img data-recalc-dims=\"1\" decoding=\"async\" src=\"https:\/\/i0.wp.com\/sites.google.com\/site\/fotosalfredodupasquier\/Alf2.png?w=525&#038;ssl=1\" style=\"width: 195px;\"><\/td><td>&nbsp;<img data-recalc-dims=\"1\" decoding=\"async\" src=\"https:\/\/i0.wp.com\/sites.google.com\/site\/fotoquplas\/IMG_7285C.jpg?w=525&#038;ssl=1\" style=\"width: 400px;\"><\/td><\/tr><tr><td>&nbsp;Alfredo Dupasquier&nbsp;<br>(Laboratory founder)<\/td><td>&nbsp;Valerio Toso and Politecnico&#8217;s student<\/td><\/tr><\/tbody><\/table><\/figure>\n\n\n\n<p><strong><em>Previous members<\/em><\/strong><\/p>\n\n\n\n<p><strong><a href=\"https:\/\/www.positron.fisi.polimi.it\/?page_id=188\" data-type=\"URL\" data-id=\"https:\/\/www.positron.fisi.polimi.it\/?page_id=188\" target=\"_blank\" rel=\"noreferrer noopener\">Alfredo Dupasquier<\/a><\/strong><\/p>\n\n\n\n<p><strong><a rel=\"noreferrer noopener\" href=\"http:\/\/lness.como.polimi.it\/stefanoaghion.php\" target=\"_blank\">Stefano Aghion<\/a><\/strong><\/p>\n\n\n\n<p><strong>Erasmo Dei Cas<\/strong><\/p>\n\n\n\n<p><strong><a rel=\"noreferrer noopener\" href=\"http:\/\/lness.como.polimi.it\/craigevans.php\" target=\"_blank\">Craig Evans<\/a><\/strong><\/p>\n\n\n\n<p><strong><a rel=\"noreferrer noopener\" href=\"http:\/\/lness.como.polimi.it\/fabiomoia.php\" target=\"_blank\">Fabio Moia<\/a><\/strong><\/p>\n\n\n\n<p><strong><a rel=\"noreferrer noopener\" href=\"http:\/\/lness.como.polimi.it\/albertocalloni.php\" target=\"_blank\">Alberto Calloni<\/a><\/strong><\/p>\n\n\n\n<p><strong>Marina Iglesias<\/strong><br><\/p>\n\n\n\n<figure class=\"wp-block-table\"><table><tbody><tr><td><img data-recalc-dims=\"1\" loading=\"lazy\" decoding=\"async\" height=\"179\" src=\"https:\/\/i0.wp.com\/sites.google.com\/site\/fotoquplas\/WP_20150924_054.jpg?resize=320%2C179&#038;ssl=1\" width=\"320\"><br><br>Erasmo Dei Cas, Stefano Aghion and Craig&nbsp;Evans<br><br><img data-recalc-dims=\"1\" loading=\"lazy\" decoding=\"async\" height=\"400\" src=\"https:\/\/i0.wp.com\/sites.google.com\/site\/fotoquplas\/cern%200_308%20antimat%20bn.jpg?resize=266%2C400&#038;ssl=1\" width=\"266\"><br>Stefano Aghion at CERN<\/td><td>&nbsp;<img data-recalc-dims=\"1\" loading=\"lazy\" decoding=\"async\" height=\"212\" src=\"https:\/\/i0.wp.com\/sites.google.com\/site\/fotoquplas\/labo%200_77%20bn.jpg?resize=320%2C212&#038;ssl=1\" width=\"320\">Fabio Moia&nbsp;<br><\/td><\/tr><\/tbody><\/table><\/figure>\n","protected":false},"excerpt":{"rendered":"<p>&nbsp; &nbsp; &nbsp;Rafael Ferragut (responsible) &nbsp;Valerio Toso (INFN Postdoc) In collaboration with:Marco Giammarchi (INFN, Milan unit); Bernardo Barbiellini (LUT, Finland) Michele Sacerdoti (PhD student); Meiying Zheng (PhD student); Xin Li (PhD student); Maria Pasinetti (Master student) Also in collaboration with: Jan Kuriplach (Charles University in Prague); Ilja Makkonen (Helsinki University)Vito Di Noto (Padua University)Massimiliano Rom\u00e8 &hellip; <\/p>\n<p class=\"link-more\"><a href=\"https:\/\/www.positron.fisi.polimi.it\/?page_id=274\" class=\"more-link\">Leggi tutto<span class=\"screen-reader-text\"> &#8220;Staff&#8221;<\/span><\/a><\/p>\n","protected":false},"author":3,"featured_media":0,"parent":0,"menu_order":0,"comment_status":"closed","ping_status":"closed","template":"","meta":{"footnotes":""},"class_list":["post-274","page","type-page","status-publish","hentry"],"jetpack_sharing_enabled":true,"_links":{"self":[{"href":"https:\/\/www.positron.fisi.polimi.it\/index.php?rest_route=\/wp\/v2\/pages\/274","targetHints":{"allow":["GET"]}}],"collection":[{"href":"https:\/\/www.positron.fisi.polimi.it\/index.php?rest_route=\/wp\/v2\/pages"}],"about":[{"href":"https:\/\/www.positron.fisi.polimi.it\/index.php?rest_route=\/wp\/v2\/types\/page"}],"author":[{"embeddable":true,"href":"https:\/\/www.positron.fisi.polimi.it\/index.php?rest_route=\/wp\/v2\/users\/3"}],"replies":[{"embeddable":true,"href":"https:\/\/www.positron.fisi.polimi.it\/index.php?rest_route=%2Fwp%2Fv2%2Fcomments&post=274"}],"version-history":[{"count":20,"href":"https:\/\/www.positron.fisi.polimi.it\/index.php?rest_route=\/wp\/v2\/pages\/274\/revisions"}],"predecessor-version":[{"id":536,"href":"https:\/\/www.positron.fisi.polimi.it\/index.php?rest_route=\/wp\/v2\/pages\/274\/revisions\/536"}],"wp:attachment":[{"href":"https:\/\/www.positron.fisi.polimi.it\/index.php?rest_route=%2Fwp%2Fv2%2Fmedia&parent=274"}],"curies":[{"name":"wp","href":"https:\/\/api.w.org\/{rel}","templated":true}]}}